{"id":963,"date":"2026-03-01T14:12:41","date_gmt":"2026-03-01T13:12:41","guid":{"rendered":"https:\/\/shop.kbia.hr\/wp\/?post_type=product&#038;p=963"},"modified":"2026-03-01T14:12:41","modified_gmt":"2026-03-01T13:12:41","slug":"hangover-kit-zahvalnica","status":"publish","type":"product","link":"https:\/\/shop.kbia.hr\/wp\/product\/hangover-kit-zahvalnica\/","title":{"rendered":"Hangover kit zahvalnica"},"content":{"rendered":"<p>Jer dobra zabava zaslu\u017euje dobar oporavak. Hangover kit je prakti\u010dna i zabavna vre\u0107ica koja sadr\u017ei sve sitnice potrebne za lak\u0161e jutro poslije proslave. Savr\u0161ena je kao originalna zahvalnica za goste koja \u0107e izmamiti osmijeh i biti stvarno korisna.<\/p>\n<p>Idealan dodatak za vjen\u010danja, djevoja\u010dke i moma\u010dke ve\u010deri, ro\u0111endane i razne proslave.<\/p>\n<p>Detalji proizvoda:<br \/>\nPrakti\u010dna vre\u0107ica s \u201cjutro poslije\u201d sadr\u017eajem<br \/>\nZabavna i korisna zahvalnica<br \/>\nMogu\u0107nost personalizacije (\u010dokoladica s imenima, karton\u010di\u0107 na vre\u0107ici s imenom mladenke, datumom, porukom&#8230;)<br \/>\nOriginalna zahvalnica koji gosti obo\u017eavaju<\/p>\n<p>U polje personalizacija molimo navesti sve \u017eelje oko dizajna, boja i natpisa. Primjerak dizajna \u0161aljemo na va\u0161 e-mail prije izrade.<\/p>\n<p>Minimalna narud\u017eba: 10 komada<\/p>\n","protected":false},"excerpt":{"rendered":"<p>Jer dobra zabava zaslu\u017euje dobar oporavak. Hangover kit je prakti\u010dna i zabavna vre\u0107ica koja sadr\u017ei sve sitnice potrebne za lak\u0161e jutro poslije proslave. Savr\u0161ena je kao originalna zahvalnica za goste koja \u0107e izmamiti osmijeh i biti stvarno korisna.<\/p>\n<p>Idealan dodatak za vjen\u010danja, djevoja\u010dke i moma\u010dke ve\u010deri, ro\u0111endane i razne proslave.<\/p>\n","protected":false},"featured_media":964,"comment_status":"open","ping_status":"closed","template":"","meta":{"_acf_changed":false},"product_brand":[],"product_cat":[88],"product_tag":[],"class_list":{"0":"post-963","1":"product","2":"type-product","3":"status-publish","4":"has-post-thumbnail","6":"product_cat-zahvalnice-momacka-djevojacka","8":"first","9":"instock","10":"shipping-taxable","11":"purchasable","12":"product-type-simple"},"acf":[],"yoast_head":"<!-- This site is optimized with the Yoast SEO plugin v27.4 - https:\/\/yoast.com\/product\/yoast-seo-wordpress\/ -->\n<title>Hangover kit zahvalnica - KBIA Poklon kutije<\/title>\n<meta name=\"robots\" content=\"index, follow, max-snippet:-1, max-image-preview:large, max-video-preview:-1\" \/>\n<link rel=\"canonical\" href=\"https:\/\/shop.kbia.hr\/wp\/product\/hangover-kit-zahvalnica\/\" \/>\n<meta property=\"og:locale\" content=\"hr_HR\" \/>\n<meta property=\"og:type\" content=\"article\" \/>\n<meta property=\"og:title\" content=\"Hangover kit zahvalnica - KBIA Poklon kutije\" \/>\n<meta property=\"og:description\" content=\"Jer dobra zabava zaslu\u017euje dobar oporavak. Hangover kit je prakti\u010dna i zabavna vre\u0107ica koja sadr\u017ei sve sitnice potrebne za lak\u0161e jutro poslije proslave. Savr\u0161ena je kao originalna zahvalnica za goste koja \u0107e izmamiti osmijeh i biti stvarno korisna.  Idealan dodatak za vjen\u010danja, djevoja\u010dke i moma\u010dke ve\u010deri, ro\u0111endane i razne proslave.\" \/>\n<meta property=\"og:url\" content=\"https:\/\/shop.kbia.hr\/wp\/product\/hangover-kit-zahvalnica\/\" \/>\n<meta property=\"og:site_name\" content=\"KBIA Poklon kutije\" \/>\n<meta property=\"article:publisher\" content=\"https:\/\/web.facebook.com\/poklonkutijeKBIA\/?locale=hr_HR&amp;_rdc=1&amp;_rdr#\" \/>\n<meta property=\"og:image\" content=\"https:\/\/shop.kbia.hr\/wp\/wp-content\/uploads\/2026\/03\/hangover-scaled.jpg\" \/>\n\t<meta property=\"og:image:width\" content=\"2560\" \/>\n\t<meta property=\"og:image:height\" content=\"2560\" \/>\n\t<meta property=\"og:image:type\" content=\"image\/jpeg\" \/>\n<meta name=\"twitter:card\" content=\"summary_large_image\" \/>\n<meta name=\"twitter:label1\" content=\"Procijenjeno vrijeme \u010ditanja\" \/>\n\t<meta name=\"twitter:data1\" content=\"1 minuta\" \/>\n<script type=\"application\/ld+json\" class=\"yoast-schema-graph\">{\"@context\":\"https:\\\/\\\/schema.org\",\"@graph\":[{\"@type\":\"WebPage\",\"@id\":\"https:\\\/\\\/shop.kbia.hr\\\/wp\\\/product\\\/hangover-kit-zahvalnica\\\/\",\"url\":\"https:\\\/\\\/shop.kbia.hr\\\/wp\\\/product\\\/hangover-kit-zahvalnica\\\/\",\"name\":\"Hangover kit zahvalnica - KBIA Poklon kutije\",\"isPartOf\":{\"@id\":\"https:\\\/\\\/shop.kbia.hr\\\/wp\\\/#website\"},\"primaryImageOfPage\":{\"@id\":\"https:\\\/\\\/shop.kbia.hr\\\/wp\\\/product\\\/hangover-kit-zahvalnica\\\/#primaryimage\"},\"image\":{\"@id\":\"https:\\\/\\\/shop.kbia.hr\\\/wp\\\/product\\\/hangover-kit-zahvalnica\\\/#primaryimage\"},\"thumbnailUrl\":\"https:\\\/\\\/shop.kbia.hr\\\/wp\\\/wp-content\\\/uploads\\\/2026\\\/03\\\/hangover-scaled.jpg\",\"datePublished\":\"2026-03-01T13:12:41+00:00\",\"breadcrumb\":{\"@id\":\"https:\\\/\\\/shop.kbia.hr\\\/wp\\\/product\\\/hangover-kit-zahvalnica\\\/#breadcrumb\"},\"inLanguage\":\"hr\",\"potentialAction\":[{\"@type\":\"ReadAction\",\"target\":[\"https:\\\/\\\/shop.kbia.hr\\\/wp\\\/product\\\/hangover-kit-zahvalnica\\\/\"]}]},{\"@type\":\"ImageObject\",\"inLanguage\":\"hr\",\"@id\":\"https:\\\/\\\/shop.kbia.hr\\\/wp\\\/product\\\/hangover-kit-zahvalnica\\\/#primaryimage\",\"url\":\"https:\\\/\\\/shop.kbia.hr\\\/wp\\\/wp-content\\\/uploads\\\/2026\\\/03\\\/hangover-scaled.jpg\",\"contentUrl\":\"https:\\\/\\\/shop.kbia.hr\\\/wp\\\/wp-content\\\/uploads\\\/2026\\\/03\\\/hangover-scaled.jpg\",\"width\":2560,\"height\":2560},{\"@type\":\"BreadcrumbList\",\"@id\":\"https:\\\/\\\/shop.kbia.hr\\\/wp\\\/product\\\/hangover-kit-zahvalnica\\\/#breadcrumb\",\"itemListElement\":[{\"@type\":\"ListItem\",\"position\":1,\"name\":\"Home\",\"item\":\"https:\\\/\\\/shop.kbia.hr\\\/wp\\\/\"},{\"@type\":\"ListItem\",\"position\":2,\"name\":\"DOBRODO\u0160LI NA KBIA TRGOVINU\",\"item\":\"https:\\\/\\\/shop.kbia.hr\\\/wp\\\/\"},{\"@type\":\"ListItem\",\"position\":3,\"name\":\"Hangover kit zahvalnica\"}]},{\"@type\":\"WebSite\",\"@id\":\"https:\\\/\\\/shop.kbia.hr\\\/wp\\\/#website\",\"url\":\"https:\\\/\\\/shop.kbia.hr\\\/wp\\\/\",\"name\":\"KBIA Poklon kutije\",\"description\":\"Dobro do\u0161li na mjesto koje stvara sretne trenutke\",\"publisher\":{\"@id\":\"https:\\\/\\\/shop.kbia.hr\\\/wp\\\/#organization\"},\"potentialAction\":[{\"@type\":\"SearchAction\",\"target\":{\"@type\":\"EntryPoint\",\"urlTemplate\":\"https:\\\/\\\/shop.kbia.hr\\\/wp\\\/?s={search_term_string}\"},\"query-input\":{\"@type\":\"PropertyValueSpecification\",\"valueRequired\":true,\"valueName\":\"search_term_string\"}}],\"inLanguage\":\"hr\"},{\"@type\":\"Organization\",\"@id\":\"https:\\\/\\\/shop.kbia.hr\\\/wp\\\/#organization\",\"name\":\"KBIA Poklon kutije\",\"url\":\"https:\\\/\\\/shop.kbia.hr\\\/wp\\\/\",\"logo\":{\"@type\":\"ImageObject\",\"inLanguage\":\"hr\",\"@id\":\"https:\\\/\\\/shop.kbia.hr\\\/wp\\\/#\\\/schema\\\/logo\\\/image\\\/\",\"url\":\"https:\\\/\\\/shop.kbia.hr\\\/wp\\\/wp-content\\\/uploads\\\/2026\\\/01\\\/logokbia.avif\",\"contentUrl\":\"https:\\\/\\\/shop.kbia.hr\\\/wp\\\/wp-content\\\/uploads\\\/2026\\\/01\\\/logokbia.avif\",\"width\":199,\"height\":199,\"caption\":\"KBIA Poklon kutije\"},\"image\":{\"@id\":\"https:\\\/\\\/shop.kbia.hr\\\/wp\\\/#\\\/schema\\\/logo\\\/image\\\/\"},\"sameAs\":[\"https:\\\/\\\/web.facebook.com\\\/poklonkutijeKBIA\\\/?locale=hr_HR&_rdc=1&_rdr#\"]}]}<\/script>\n<!-- \/ Yoast SEO plugin. -->","yoast_head_json":{"title":"Hangover kit zahvalnica - KBIA Poklon kutije","robots":{"index":"index","follow":"follow","max-snippet":"max-snippet:-1","max-image-preview":"max-image-preview:large","max-video-preview":"max-video-preview:-1"},"canonical":"https:\/\/shop.kbia.hr\/wp\/product\/hangover-kit-zahvalnica\/","og_locale":"hr_HR","og_type":"article","og_title":"Hangover kit zahvalnica - KBIA Poklon kutije","og_description":"Jer dobra zabava zaslu\u017euje dobar oporavak. Hangover kit je prakti\u010dna i zabavna vre\u0107ica koja sadr\u017ei sve sitnice potrebne za lak\u0161e jutro poslije proslave. Savr\u0161ena je kao originalna zahvalnica za goste koja \u0107e izmamiti osmijeh i biti stvarno korisna.  Idealan dodatak za vjen\u010danja, djevoja\u010dke i moma\u010dke ve\u010deri, ro\u0111endane i razne proslave.","og_url":"https:\/\/shop.kbia.hr\/wp\/product\/hangover-kit-zahvalnica\/","og_site_name":"KBIA Poklon kutije","article_publisher":"https:\/\/web.facebook.com\/poklonkutijeKBIA\/?locale=hr_HR&_rdc=1&_rdr#","og_image":[{"width":2560,"height":2560,"url":"https:\/\/shop.kbia.hr\/wp\/wp-content\/uploads\/2026\/03\/hangover-scaled.jpg","type":"image\/jpeg"}],"twitter_card":"summary_large_image","twitter_misc":{"Procijenjeno vrijeme \u010ditanja":"1 minuta"},"schema":{"@context":"https:\/\/schema.org","@graph":[{"@type":"WebPage","@id":"https:\/\/shop.kbia.hr\/wp\/product\/hangover-kit-zahvalnica\/","url":"https:\/\/shop.kbia.hr\/wp\/product\/hangover-kit-zahvalnica\/","name":"Hangover kit zahvalnica - KBIA Poklon kutije","isPartOf":{"@id":"https:\/\/shop.kbia.hr\/wp\/#website"},"primaryImageOfPage":{"@id":"https:\/\/shop.kbia.hr\/wp\/product\/hangover-kit-zahvalnica\/#primaryimage"},"image":{"@id":"https:\/\/shop.kbia.hr\/wp\/product\/hangover-kit-zahvalnica\/#primaryimage"},"thumbnailUrl":"https:\/\/shop.kbia.hr\/wp\/wp-content\/uploads\/2026\/03\/hangover-scaled.jpg","datePublished":"2026-03-01T13:12:41+00:00","breadcrumb":{"@id":"https:\/\/shop.kbia.hr\/wp\/product\/hangover-kit-zahvalnica\/#breadcrumb"},"inLanguage":"hr","potentialAction":[{"@type":"ReadAction","target":["https:\/\/shop.kbia.hr\/wp\/product\/hangover-kit-zahvalnica\/"]}]},{"@type":"ImageObject","inLanguage":"hr","@id":"https:\/\/shop.kbia.hr\/wp\/product\/hangover-kit-zahvalnica\/#primaryimage","url":"https:\/\/shop.kbia.hr\/wp\/wp-content\/uploads\/2026\/03\/hangover-scaled.jpg","contentUrl":"https:\/\/shop.kbia.hr\/wp\/wp-content\/uploads\/2026\/03\/hangover-scaled.jpg","width":2560,"height":2560},{"@type":"BreadcrumbList","@id":"https:\/\/shop.kbia.hr\/wp\/product\/hangover-kit-zahvalnica\/#breadcrumb","itemListElement":[{"@type":"ListItem","position":1,"name":"Home","item":"https:\/\/shop.kbia.hr\/wp\/"},{"@type":"ListItem","position":2,"name":"DOBRODO\u0160LI NA KBIA TRGOVINU","item":"https:\/\/shop.kbia.hr\/wp\/"},{"@type":"ListItem","position":3,"name":"Hangover kit zahvalnica"}]},{"@type":"WebSite","@id":"https:\/\/shop.kbia.hr\/wp\/#website","url":"https:\/\/shop.kbia.hr\/wp\/","name":"KBIA Poklon kutije","description":"Dobro do\u0161li na mjesto koje stvara sretne trenutke","publisher":{"@id":"https:\/\/shop.kbia.hr\/wp\/#organization"},"potentialAction":[{"@type":"SearchAction","target":{"@type":"EntryPoint","urlTemplate":"https:\/\/shop.kbia.hr\/wp\/?s={search_term_string}"},"query-input":{"@type":"PropertyValueSpecification","valueRequired":true,"valueName":"search_term_string"}}],"inLanguage":"hr"},{"@type":"Organization","@id":"https:\/\/shop.kbia.hr\/wp\/#organization","name":"KBIA Poklon kutije","url":"https:\/\/shop.kbia.hr\/wp\/","logo":{"@type":"ImageObject","inLanguage":"hr","@id":"https:\/\/shop.kbia.hr\/wp\/#\/schema\/logo\/image\/","url":"https:\/\/shop.kbia.hr\/wp\/wp-content\/uploads\/2026\/01\/logokbia.avif","contentUrl":"https:\/\/shop.kbia.hr\/wp\/wp-content\/uploads\/2026\/01\/logokbia.avif","width":199,"height":199,"caption":"KBIA Poklon kutije"},"image":{"@id":"https:\/\/shop.kbia.hr\/wp\/#\/schema\/logo\/image\/"},"sameAs":["https:\/\/web.facebook.com\/poklonkutijeKBIA\/?locale=hr_HR&_rdc=1&_rdr#"]}]}},"_links":{"self":[{"href":"https:\/\/shop.kbia.hr\/wp\/wp-json\/wp\/v2\/product\/963","targetHints":{"allow":["GET"]}}],"collection":[{"href":"https:\/\/shop.kbia.hr\/wp\/wp-json\/wp\/v2\/product"}],"about":[{"href":"https:\/\/shop.kbia.hr\/wp\/wp-json\/wp\/v2\/types\/product"}],"replies":[{"embeddable":true,"href":"https:\/\/shop.kbia.hr\/wp\/wp-json\/wp\/v2\/comments?post=963"}],"wp:featuredmedia":[{"embeddable":true,"href":"https:\/\/shop.kbia.hr\/wp\/wp-json\/wp\/v2\/media\/964"}],"wp:attachment":[{"href":"https:\/\/shop.kbia.hr\/wp\/wp-json\/wp\/v2\/media?parent=963"}],"wp:term":[{"taxonomy":"product_brand","embeddable":true,"href":"https:\/\/shop.kbia.hr\/wp\/wp-json\/wp\/v2\/product_brand?post=963"},{"taxonomy":"product_cat","embeddable":true,"href":"https:\/\/shop.kbia.hr\/wp\/wp-json\/wp\/v2\/product_cat?post=963"},{"taxonomy":"product_tag","embeddable":true,"href":"https:\/\/shop.kbia.hr\/wp\/wp-json\/wp\/v2\/product_tag?post=963"}],"curies":[{"name":"wp","href":"https:\/\/api.w.org\/{rel}","templated":true}]}}