{"id":616,"date":"2026-02-23T17:23:52","date_gmt":"2026-02-23T16:23:52","guid":{"rendered":"https:\/\/shop.kbia.hr\/wp\/?post_type=product&#038;p=616"},"modified":"2026-02-23T17:23:52","modified_gmt":"2026-02-23T16:23:52","slug":"krsni-set-6","status":"publish","type":"product","link":"https:\/\/shop.kbia.hr\/wp\/product\/krsni-set-6\/","title":{"rendered":"Krsni set 6"},"content":{"rendered":"<p>Poklon kutija koja \u010duva uspomenu na kr\u0161tenje &#8211; proizvode koje dijete koristi tijekom primanja sakramenta kr\u0161tenja.<\/p>\n<p>Personalizacija:<br \/>\nObavezno navesti ime od djeteta, te ukoliko \u017eelite datum kr\u0161tenja i imena tko poklanja. Napi\u0161ite \u017eeljeni natpis na kutiji i boje na proizvodima (zlatna, srebrna, roza, plava).<\/p>\n<p>Napomena:<br \/>\nIzgled i boje proizvoda mogu blago varirati ovisno o dostupnosti materijala.<\/p>\n","protected":false},"excerpt":{"rendered":"<p>-Drvena kutija<\/p>\n<p>Sadr\u017eaj: krsna ko\u0161uljica, rup\u010di\u0107, svije\u0107a, krunica, biblija<\/p>\n","protected":false},"featured_media":617,"comment_status":"open","ping_status":"closed","template":"","meta":{"_acf_changed":false},"product_brand":[],"product_cat":[61],"product_tag":[],"class_list":{"0":"post-616","1":"product","2":"type-product","3":"status-publish","4":"has-post-thumbnail","6":"product_cat-krsni-set","8":"first","9":"instock","10":"shipping-taxable","11":"purchasable","12":"product-type-simple"},"acf":[],"yoast_head":"<!-- This site is optimized with the Yoast SEO plugin v27.4 - https:\/\/yoast.com\/product\/yoast-seo-wordpress\/ -->\n<title>Krsni set 6 - KBIA Poklon kutije<\/title>\n<meta name=\"robots\" content=\"index, follow, max-snippet:-1, max-image-preview:large, max-video-preview:-1\" \/>\n<link rel=\"canonical\" href=\"https:\/\/shop.kbia.hr\/wp\/product\/krsni-set-6\/\" \/>\n<meta property=\"og:locale\" content=\"hr_HR\" \/>\n<meta property=\"og:type\" content=\"article\" \/>\n<meta property=\"og:title\" content=\"Krsni set 6 - KBIA Poklon kutije\" \/>\n<meta property=\"og:description\" content=\"-Drvena kutija  Sadr\u017eaj: krsna ko\u0161uljica, rup\u010di\u0107, svije\u0107a, krunica, biblija\" \/>\n<meta property=\"og:url\" content=\"https:\/\/shop.kbia.hr\/wp\/product\/krsni-set-6\/\" \/>\n<meta property=\"og:site_name\" content=\"KBIA Poklon kutije\" \/>\n<meta property=\"article:publisher\" content=\"https:\/\/web.facebook.com\/poklonkutijeKBIA\/?locale=hr_HR&amp;_rdc=1&amp;_rdr#\" \/>\n<meta property=\"og:image\" content=\"https:\/\/shop.kbia.hr\/wp\/wp-content\/uploads\/2026\/02\/krsniset61-scaled.jpg\" \/>\n\t<meta property=\"og:image:width\" content=\"2560\" \/>\n\t<meta property=\"og:image:height\" content=\"2560\" \/>\n\t<meta property=\"og:image:type\" content=\"image\/jpeg\" \/>\n<meta name=\"twitter:card\" content=\"summary_large_image\" \/>\n<meta name=\"twitter:label1\" content=\"Procijenjeno vrijeme \u010ditanja\" \/>\n\t<meta name=\"twitter:data1\" content=\"1 minuta\" \/>\n<script type=\"application\/ld+json\" class=\"yoast-schema-graph\">{\"@context\":\"https:\\\/\\\/schema.org\",\"@graph\":[{\"@type\":\"WebPage\",\"@id\":\"https:\\\/\\\/shop.kbia.hr\\\/wp\\\/product\\\/krsni-set-6\\\/\",\"url\":\"https:\\\/\\\/shop.kbia.hr\\\/wp\\\/product\\\/krsni-set-6\\\/\",\"name\":\"Krsni set 6 - KBIA Poklon kutije\",\"isPartOf\":{\"@id\":\"https:\\\/\\\/shop.kbia.hr\\\/wp\\\/#website\"},\"primaryImageOfPage\":{\"@id\":\"https:\\\/\\\/shop.kbia.hr\\\/wp\\\/product\\\/krsni-set-6\\\/#primaryimage\"},\"image\":{\"@id\":\"https:\\\/\\\/shop.kbia.hr\\\/wp\\\/product\\\/krsni-set-6\\\/#primaryimage\"},\"thumbnailUrl\":\"https:\\\/\\\/shop.kbia.hr\\\/wp\\\/wp-content\\\/uploads\\\/2026\\\/02\\\/krsniset61-scaled.jpg\",\"datePublished\":\"2026-02-23T16:23:52+00:00\",\"breadcrumb\":{\"@id\":\"https:\\\/\\\/shop.kbia.hr\\\/wp\\\/product\\\/krsni-set-6\\\/#breadcrumb\"},\"inLanguage\":\"hr\",\"potentialAction\":[{\"@type\":\"ReadAction\",\"target\":[\"https:\\\/\\\/shop.kbia.hr\\\/wp\\\/product\\\/krsni-set-6\\\/\"]}]},{\"@type\":\"ImageObject\",\"inLanguage\":\"hr\",\"@id\":\"https:\\\/\\\/shop.kbia.hr\\\/wp\\\/product\\\/krsni-set-6\\\/#primaryimage\",\"url\":\"https:\\\/\\\/shop.kbia.hr\\\/wp\\\/wp-content\\\/uploads\\\/2026\\\/02\\\/krsniset61-scaled.jpg\",\"contentUrl\":\"https:\\\/\\\/shop.kbia.hr\\\/wp\\\/wp-content\\\/uploads\\\/2026\\\/02\\\/krsniset61-scaled.jpg\",\"width\":2560,\"height\":2560},{\"@type\":\"BreadcrumbList\",\"@id\":\"https:\\\/\\\/shop.kbia.hr\\\/wp\\\/product\\\/krsni-set-6\\\/#breadcrumb\",\"itemListElement\":[{\"@type\":\"ListItem\",\"position\":1,\"name\":\"Home\",\"item\":\"https:\\\/\\\/shop.kbia.hr\\\/wp\\\/\"},{\"@type\":\"ListItem\",\"position\":2,\"name\":\"DOBRODO\u0160LI NA KBIA TRGOVINU\",\"item\":\"https:\\\/\\\/shop.kbia.hr\\\/wp\\\/\"},{\"@type\":\"ListItem\",\"position\":3,\"name\":\"Krsni set 6\"}]},{\"@type\":\"WebSite\",\"@id\":\"https:\\\/\\\/shop.kbia.hr\\\/wp\\\/#website\",\"url\":\"https:\\\/\\\/shop.kbia.hr\\\/wp\\\/\",\"name\":\"KBIA Poklon kutije\",\"description\":\"Dobro do\u0161li na mjesto koje stvara sretne trenutke\",\"publisher\":{\"@id\":\"https:\\\/\\\/shop.kbia.hr\\\/wp\\\/#organization\"},\"potentialAction\":[{\"@type\":\"SearchAction\",\"target\":{\"@type\":\"EntryPoint\",\"urlTemplate\":\"https:\\\/\\\/shop.kbia.hr\\\/wp\\\/?s={search_term_string}\"},\"query-input\":{\"@type\":\"PropertyValueSpecification\",\"valueRequired\":true,\"valueName\":\"search_term_string\"}}],\"inLanguage\":\"hr\"},{\"@type\":\"Organization\",\"@id\":\"https:\\\/\\\/shop.kbia.hr\\\/wp\\\/#organization\",\"name\":\"KBIA Poklon kutije\",\"url\":\"https:\\\/\\\/shop.kbia.hr\\\/wp\\\/\",\"logo\":{\"@type\":\"ImageObject\",\"inLanguage\":\"hr\",\"@id\":\"https:\\\/\\\/shop.kbia.hr\\\/wp\\\/#\\\/schema\\\/logo\\\/image\\\/\",\"url\":\"https:\\\/\\\/shop.kbia.hr\\\/wp\\\/wp-content\\\/uploads\\\/2026\\\/01\\\/logokbia.avif\",\"contentUrl\":\"https:\\\/\\\/shop.kbia.hr\\\/wp\\\/wp-content\\\/uploads\\\/2026\\\/01\\\/logokbia.avif\",\"width\":199,\"height\":199,\"caption\":\"KBIA Poklon kutije\"},\"image\":{\"@id\":\"https:\\\/\\\/shop.kbia.hr\\\/wp\\\/#\\\/schema\\\/logo\\\/image\\\/\"},\"sameAs\":[\"https:\\\/\\\/web.facebook.com\\\/poklonkutijeKBIA\\\/?locale=hr_HR&_rdc=1&_rdr#\"]}]}<\/script>\n<!-- \/ Yoast SEO plugin. -->","yoast_head_json":{"title":"Krsni set 6 - KBIA Poklon kutije","robots":{"index":"index","follow":"follow","max-snippet":"max-snippet:-1","max-image-preview":"max-image-preview:large","max-video-preview":"max-video-preview:-1"},"canonical":"https:\/\/shop.kbia.hr\/wp\/product\/krsni-set-6\/","og_locale":"hr_HR","og_type":"article","og_title":"Krsni set 6 - KBIA Poklon kutije","og_description":"-Drvena kutija  Sadr\u017eaj: krsna ko\u0161uljica, rup\u010di\u0107, svije\u0107a, krunica, biblija","og_url":"https:\/\/shop.kbia.hr\/wp\/product\/krsni-set-6\/","og_site_name":"KBIA Poklon kutije","article_publisher":"https:\/\/web.facebook.com\/poklonkutijeKBIA\/?locale=hr_HR&_rdc=1&_rdr#","og_image":[{"width":2560,"height":2560,"url":"https:\/\/shop.kbia.hr\/wp\/wp-content\/uploads\/2026\/02\/krsniset61-scaled.jpg","type":"image\/jpeg"}],"twitter_card":"summary_large_image","twitter_misc":{"Procijenjeno vrijeme \u010ditanja":"1 minuta"},"schema":{"@context":"https:\/\/schema.org","@graph":[{"@type":"WebPage","@id":"https:\/\/shop.kbia.hr\/wp\/product\/krsni-set-6\/","url":"https:\/\/shop.kbia.hr\/wp\/product\/krsni-set-6\/","name":"Krsni set 6 - KBIA Poklon kutije","isPartOf":{"@id":"https:\/\/shop.kbia.hr\/wp\/#website"},"primaryImageOfPage":{"@id":"https:\/\/shop.kbia.hr\/wp\/product\/krsni-set-6\/#primaryimage"},"image":{"@id":"https:\/\/shop.kbia.hr\/wp\/product\/krsni-set-6\/#primaryimage"},"thumbnailUrl":"https:\/\/shop.kbia.hr\/wp\/wp-content\/uploads\/2026\/02\/krsniset61-scaled.jpg","datePublished":"2026-02-23T16:23:52+00:00","breadcrumb":{"@id":"https:\/\/shop.kbia.hr\/wp\/product\/krsni-set-6\/#breadcrumb"},"inLanguage":"hr","potentialAction":[{"@type":"ReadAction","target":["https:\/\/shop.kbia.hr\/wp\/product\/krsni-set-6\/"]}]},{"@type":"ImageObject","inLanguage":"hr","@id":"https:\/\/shop.kbia.hr\/wp\/product\/krsni-set-6\/#primaryimage","url":"https:\/\/shop.kbia.hr\/wp\/wp-content\/uploads\/2026\/02\/krsniset61-scaled.jpg","contentUrl":"https:\/\/shop.kbia.hr\/wp\/wp-content\/uploads\/2026\/02\/krsniset61-scaled.jpg","width":2560,"height":2560},{"@type":"BreadcrumbList","@id":"https:\/\/shop.kbia.hr\/wp\/product\/krsni-set-6\/#breadcrumb","itemListElement":[{"@type":"ListItem","position":1,"name":"Home","item":"https:\/\/shop.kbia.hr\/wp\/"},{"@type":"ListItem","position":2,"name":"DOBRODO\u0160LI NA KBIA TRGOVINU","item":"https:\/\/shop.kbia.hr\/wp\/"},{"@type":"ListItem","position":3,"name":"Krsni set 6"}]},{"@type":"WebSite","@id":"https:\/\/shop.kbia.hr\/wp\/#website","url":"https:\/\/shop.kbia.hr\/wp\/","name":"KBIA Poklon kutije","description":"Dobro do\u0161li na mjesto koje stvara sretne trenutke","publisher":{"@id":"https:\/\/shop.kbia.hr\/wp\/#organization"},"potentialAction":[{"@type":"SearchAction","target":{"@type":"EntryPoint","urlTemplate":"https:\/\/shop.kbia.hr\/wp\/?s={search_term_string}"},"query-input":{"@type":"PropertyValueSpecification","valueRequired":true,"valueName":"search_term_string"}}],"inLanguage":"hr"},{"@type":"Organization","@id":"https:\/\/shop.kbia.hr\/wp\/#organization","name":"KBIA Poklon kutije","url":"https:\/\/shop.kbia.hr\/wp\/","logo":{"@type":"ImageObject","inLanguage":"hr","@id":"https:\/\/shop.kbia.hr\/wp\/#\/schema\/logo\/image\/","url":"https:\/\/shop.kbia.hr\/wp\/wp-content\/uploads\/2026\/01\/logokbia.avif","contentUrl":"https:\/\/shop.kbia.hr\/wp\/wp-content\/uploads\/2026\/01\/logokbia.avif","width":199,"height":199,"caption":"KBIA Poklon kutije"},"image":{"@id":"https:\/\/shop.kbia.hr\/wp\/#\/schema\/logo\/image\/"},"sameAs":["https:\/\/web.facebook.com\/poklonkutijeKBIA\/?locale=hr_HR&_rdc=1&_rdr#"]}]}},"_links":{"self":[{"href":"https:\/\/shop.kbia.hr\/wp\/wp-json\/wp\/v2\/product\/616","targetHints":{"allow":["GET"]}}],"collection":[{"href":"https:\/\/shop.kbia.hr\/wp\/wp-json\/wp\/v2\/product"}],"about":[{"href":"https:\/\/shop.kbia.hr\/wp\/wp-json\/wp\/v2\/types\/product"}],"replies":[{"embeddable":true,"href":"https:\/\/shop.kbia.hr\/wp\/wp-json\/wp\/v2\/comments?post=616"}],"wp:featuredmedia":[{"embeddable":true,"href":"https:\/\/shop.kbia.hr\/wp\/wp-json\/wp\/v2\/media\/617"}],"wp:attachment":[{"href":"https:\/\/shop.kbia.hr\/wp\/wp-json\/wp\/v2\/media?parent=616"}],"wp:term":[{"taxonomy":"product_brand","embeddable":true,"href":"https:\/\/shop.kbia.hr\/wp\/wp-json\/wp\/v2\/product_brand?post=616"},{"taxonomy":"product_cat","embeddable":true,"href":"https:\/\/shop.kbia.hr\/wp\/wp-json\/wp\/v2\/product_cat?post=616"},{"taxonomy":"product_tag","embeddable":true,"href":"https:\/\/shop.kbia.hr\/wp\/wp-json\/wp\/v2\/product_tag?post=616"}],"curies":[{"name":"wp","href":"https:\/\/api.w.org\/{rel}","templated":true}]}}