{"id":280,"date":"2026-01-26T21:37:19","date_gmt":"2026-01-26T20:37:19","guid":{"rendered":"https:\/\/shop.kbia.hr\/wp\/?post_type=product&#038;p=280"},"modified":"2026-01-26T21:37:19","modified_gmt":"2026-01-26T20:37:19","slug":"poklon-kutija-kum-10","status":"publish","type":"product","link":"https:\/\/shop.kbia.hr\/wp\/product\/poklon-kutija-kum-10\/","title":{"rendered":"Poklon kutija &#8211; kum 10"},"content":{"rendered":"<p>Elegantna poklon kutija osmi\u0161ljena kao znak pa\u017enje vjen\u010danom kumu \u2013 osobi koja imaju posebno mjesto u va\u0161em velikom danu. Minimalisti\u010dki dizajn i pa\u017eljivo birani detalji \u010dine ovu kutiju uspomenom koja traje.<\/p>\n<p>Poklon kutija mo\u017ee biti upit ili zahvala za kumstvo.<\/p>\n<p>Personalizacija:<br \/>\nMogu\u0107a personalizacija imena i promjena natpisa na kutiji i sadr\u017eaju. Molimo u napomeni navesti sve izmjene u natpisima te ako na kutiji \u017eelite imena &#8211; napi\u0161ite nam imena od kuma i mlado\u017eenje. Ukoliko navedeno ne napi\u0161ete, kutija \u0107e se napraviti bez personalizacije.<\/p>\n<p>Napomena:<br \/>\nIzgled i boje proizvoda mogu blago varirati ovisno o dostupnosti materijala.<\/p>\n","protected":false},"excerpt":{"rendered":"<p>Drvena kutija <\/p>\n<p>Sadr\u017eaj: \u010darape, leptir ma\u0161na, pljoska, \u010da\u0161ica, rakija, nov\u010danik<\/p>\n","protected":false},"featured_media":281,"comment_status":"open","ping_status":"closed","template":"","meta":{"_acf_changed":false},"product_brand":[],"product_cat":[49],"product_tag":[],"class_list":{"0":"post-280","1":"product","2":"type-product","3":"status-publish","4":"has-post-thumbnail","6":"product_cat-poklon-kutije-kum","8":"first","9":"instock","10":"shipping-taxable","11":"purchasable","12":"product-type-simple"},"acf":[],"yoast_head":"<!-- This site is optimized with the Yoast SEO plugin v27.4 - https:\/\/yoast.com\/product\/yoast-seo-wordpress\/ -->\n<title>Poklon kutija - kum 10 - KBIA Poklon kutije<\/title>\n<meta name=\"robots\" content=\"index, follow, max-snippet:-1, max-image-preview:large, max-video-preview:-1\" \/>\n<link rel=\"canonical\" href=\"https:\/\/shop.kbia.hr\/wp\/product\/poklon-kutija-kum-10\/\" \/>\n<meta property=\"og:locale\" content=\"hr_HR\" \/>\n<meta property=\"og:type\" content=\"article\" \/>\n<meta property=\"og:title\" content=\"Poklon kutija - kum 10 - KBIA Poklon kutije\" \/>\n<meta property=\"og:description\" content=\"Drvena kutija   Sadr\u017eaj: \u010darape, leptir ma\u0161na, pljoska, \u010da\u0161ica, rakija, nov\u010danik\" \/>\n<meta property=\"og:url\" content=\"https:\/\/shop.kbia.hr\/wp\/product\/poklon-kutija-kum-10\/\" \/>\n<meta property=\"og:site_name\" content=\"KBIA Poklon kutije\" \/>\n<meta property=\"article:publisher\" content=\"https:\/\/web.facebook.com\/poklonkutijeKBIA\/?locale=hr_HR&amp;_rdc=1&amp;_rdr#\" \/>\n<meta property=\"og:image\" content=\"https:\/\/shop.kbia.hr\/wp\/wp-content\/uploads\/2026\/01\/10-2-scaled.jpg\" \/>\n\t<meta property=\"og:image:width\" content=\"1920\" \/>\n\t<meta property=\"og:image:height\" content=\"2560\" \/>\n\t<meta property=\"og:image:type\" content=\"image\/jpeg\" \/>\n<meta name=\"twitter:card\" content=\"summary_large_image\" \/>\n<meta name=\"twitter:label1\" content=\"Procijenjeno vrijeme \u010ditanja\" \/>\n\t<meta name=\"twitter:data1\" content=\"1 minuta\" \/>\n<script type=\"application\/ld+json\" class=\"yoast-schema-graph\">{\"@context\":\"https:\\\/\\\/schema.org\",\"@graph\":[{\"@type\":\"WebPage\",\"@id\":\"https:\\\/\\\/shop.kbia.hr\\\/wp\\\/product\\\/poklon-kutija-kum-10\\\/\",\"url\":\"https:\\\/\\\/shop.kbia.hr\\\/wp\\\/product\\\/poklon-kutija-kum-10\\\/\",\"name\":\"Poklon kutija - kum 10 - KBIA Poklon kutije\",\"isPartOf\":{\"@id\":\"https:\\\/\\\/shop.kbia.hr\\\/wp\\\/#website\"},\"primaryImageOfPage\":{\"@id\":\"https:\\\/\\\/shop.kbia.hr\\\/wp\\\/product\\\/poklon-kutija-kum-10\\\/#primaryimage\"},\"image\":{\"@id\":\"https:\\\/\\\/shop.kbia.hr\\\/wp\\\/product\\\/poklon-kutija-kum-10\\\/#primaryimage\"},\"thumbnailUrl\":\"https:\\\/\\\/shop.kbia.hr\\\/wp\\\/wp-content\\\/uploads\\\/2026\\\/01\\\/10-2-scaled.jpg\",\"datePublished\":\"2026-01-26T20:37:19+00:00\",\"breadcrumb\":{\"@id\":\"https:\\\/\\\/shop.kbia.hr\\\/wp\\\/product\\\/poklon-kutija-kum-10\\\/#breadcrumb\"},\"inLanguage\":\"hr\",\"potentialAction\":[{\"@type\":\"ReadAction\",\"target\":[\"https:\\\/\\\/shop.kbia.hr\\\/wp\\\/product\\\/poklon-kutija-kum-10\\\/\"]}]},{\"@type\":\"ImageObject\",\"inLanguage\":\"hr\",\"@id\":\"https:\\\/\\\/shop.kbia.hr\\\/wp\\\/product\\\/poklon-kutija-kum-10\\\/#primaryimage\",\"url\":\"https:\\\/\\\/shop.kbia.hr\\\/wp\\\/wp-content\\\/uploads\\\/2026\\\/01\\\/10-2-scaled.jpg\",\"contentUrl\":\"https:\\\/\\\/shop.kbia.hr\\\/wp\\\/wp-content\\\/uploads\\\/2026\\\/01\\\/10-2-scaled.jpg\",\"width\":1920,\"height\":2560},{\"@type\":\"BreadcrumbList\",\"@id\":\"https:\\\/\\\/shop.kbia.hr\\\/wp\\\/product\\\/poklon-kutija-kum-10\\\/#breadcrumb\",\"itemListElement\":[{\"@type\":\"ListItem\",\"position\":1,\"name\":\"Home\",\"item\":\"https:\\\/\\\/shop.kbia.hr\\\/wp\\\/\"},{\"@type\":\"ListItem\",\"position\":2,\"name\":\"DOBRODO\u0160LI NA KBIA TRGOVINU\",\"item\":\"https:\\\/\\\/shop.kbia.hr\\\/wp\\\/\"},{\"@type\":\"ListItem\",\"position\":3,\"name\":\"Poklon kutija &#8211; kum 10\"}]},{\"@type\":\"WebSite\",\"@id\":\"https:\\\/\\\/shop.kbia.hr\\\/wp\\\/#website\",\"url\":\"https:\\\/\\\/shop.kbia.hr\\\/wp\\\/\",\"name\":\"KBIA Poklon kutije\",\"description\":\"Dobro do\u0161li na mjesto koje stvara sretne trenutke\",\"publisher\":{\"@id\":\"https:\\\/\\\/shop.kbia.hr\\\/wp\\\/#organization\"},\"potentialAction\":[{\"@type\":\"SearchAction\",\"target\":{\"@type\":\"EntryPoint\",\"urlTemplate\":\"https:\\\/\\\/shop.kbia.hr\\\/wp\\\/?s={search_term_string}\"},\"query-input\":{\"@type\":\"PropertyValueSpecification\",\"valueRequired\":true,\"valueName\":\"search_term_string\"}}],\"inLanguage\":\"hr\"},{\"@type\":\"Organization\",\"@id\":\"https:\\\/\\\/shop.kbia.hr\\\/wp\\\/#organization\",\"name\":\"KBIA Poklon kutije\",\"url\":\"https:\\\/\\\/shop.kbia.hr\\\/wp\\\/\",\"logo\":{\"@type\":\"ImageObject\",\"inLanguage\":\"hr\",\"@id\":\"https:\\\/\\\/shop.kbia.hr\\\/wp\\\/#\\\/schema\\\/logo\\\/image\\\/\",\"url\":\"https:\\\/\\\/shop.kbia.hr\\\/wp\\\/wp-content\\\/uploads\\\/2026\\\/01\\\/logokbia.avif\",\"contentUrl\":\"https:\\\/\\\/shop.kbia.hr\\\/wp\\\/wp-content\\\/uploads\\\/2026\\\/01\\\/logokbia.avif\",\"width\":199,\"height\":199,\"caption\":\"KBIA Poklon kutije\"},\"image\":{\"@id\":\"https:\\\/\\\/shop.kbia.hr\\\/wp\\\/#\\\/schema\\\/logo\\\/image\\\/\"},\"sameAs\":[\"https:\\\/\\\/web.facebook.com\\\/poklonkutijeKBIA\\\/?locale=hr_HR&_rdc=1&_rdr#\"]}]}<\/script>\n<!-- \/ Yoast SEO plugin. -->","yoast_head_json":{"title":"Poklon kutija - kum 10 - KBIA Poklon kutije","robots":{"index":"index","follow":"follow","max-snippet":"max-snippet:-1","max-image-preview":"max-image-preview:large","max-video-preview":"max-video-preview:-1"},"canonical":"https:\/\/shop.kbia.hr\/wp\/product\/poklon-kutija-kum-10\/","og_locale":"hr_HR","og_type":"article","og_title":"Poklon kutija - kum 10 - KBIA Poklon kutije","og_description":"Drvena kutija   Sadr\u017eaj: \u010darape, leptir ma\u0161na, pljoska, \u010da\u0161ica, rakija, nov\u010danik","og_url":"https:\/\/shop.kbia.hr\/wp\/product\/poklon-kutija-kum-10\/","og_site_name":"KBIA Poklon kutije","article_publisher":"https:\/\/web.facebook.com\/poklonkutijeKBIA\/?locale=hr_HR&_rdc=1&_rdr#","og_image":[{"width":1920,"height":2560,"url":"https:\/\/shop.kbia.hr\/wp\/wp-content\/uploads\/2026\/01\/10-2-scaled.jpg","type":"image\/jpeg"}],"twitter_card":"summary_large_image","twitter_misc":{"Procijenjeno vrijeme \u010ditanja":"1 minuta"},"schema":{"@context":"https:\/\/schema.org","@graph":[{"@type":"WebPage","@id":"https:\/\/shop.kbia.hr\/wp\/product\/poklon-kutija-kum-10\/","url":"https:\/\/shop.kbia.hr\/wp\/product\/poklon-kutija-kum-10\/","name":"Poklon kutija - kum 10 - KBIA Poklon kutije","isPartOf":{"@id":"https:\/\/shop.kbia.hr\/wp\/#website"},"primaryImageOfPage":{"@id":"https:\/\/shop.kbia.hr\/wp\/product\/poklon-kutija-kum-10\/#primaryimage"},"image":{"@id":"https:\/\/shop.kbia.hr\/wp\/product\/poklon-kutija-kum-10\/#primaryimage"},"thumbnailUrl":"https:\/\/shop.kbia.hr\/wp\/wp-content\/uploads\/2026\/01\/10-2-scaled.jpg","datePublished":"2026-01-26T20:37:19+00:00","breadcrumb":{"@id":"https:\/\/shop.kbia.hr\/wp\/product\/poklon-kutija-kum-10\/#breadcrumb"},"inLanguage":"hr","potentialAction":[{"@type":"ReadAction","target":["https:\/\/shop.kbia.hr\/wp\/product\/poklon-kutija-kum-10\/"]}]},{"@type":"ImageObject","inLanguage":"hr","@id":"https:\/\/shop.kbia.hr\/wp\/product\/poklon-kutija-kum-10\/#primaryimage","url":"https:\/\/shop.kbia.hr\/wp\/wp-content\/uploads\/2026\/01\/10-2-scaled.jpg","contentUrl":"https:\/\/shop.kbia.hr\/wp\/wp-content\/uploads\/2026\/01\/10-2-scaled.jpg","width":1920,"height":2560},{"@type":"BreadcrumbList","@id":"https:\/\/shop.kbia.hr\/wp\/product\/poklon-kutija-kum-10\/#breadcrumb","itemListElement":[{"@type":"ListItem","position":1,"name":"Home","item":"https:\/\/shop.kbia.hr\/wp\/"},{"@type":"ListItem","position":2,"name":"DOBRODO\u0160LI NA KBIA TRGOVINU","item":"https:\/\/shop.kbia.hr\/wp\/"},{"@type":"ListItem","position":3,"name":"Poklon kutija &#8211; kum 10"}]},{"@type":"WebSite","@id":"https:\/\/shop.kbia.hr\/wp\/#website","url":"https:\/\/shop.kbia.hr\/wp\/","name":"KBIA Poklon kutije","description":"Dobro do\u0161li na mjesto koje stvara sretne trenutke","publisher":{"@id":"https:\/\/shop.kbia.hr\/wp\/#organization"},"potentialAction":[{"@type":"SearchAction","target":{"@type":"EntryPoint","urlTemplate":"https:\/\/shop.kbia.hr\/wp\/?s={search_term_string}"},"query-input":{"@type":"PropertyValueSpecification","valueRequired":true,"valueName":"search_term_string"}}],"inLanguage":"hr"},{"@type":"Organization","@id":"https:\/\/shop.kbia.hr\/wp\/#organization","name":"KBIA Poklon kutije","url":"https:\/\/shop.kbia.hr\/wp\/","logo":{"@type":"ImageObject","inLanguage":"hr","@id":"https:\/\/shop.kbia.hr\/wp\/#\/schema\/logo\/image\/","url":"https:\/\/shop.kbia.hr\/wp\/wp-content\/uploads\/2026\/01\/logokbia.avif","contentUrl":"https:\/\/shop.kbia.hr\/wp\/wp-content\/uploads\/2026\/01\/logokbia.avif","width":199,"height":199,"caption":"KBIA Poklon kutije"},"image":{"@id":"https:\/\/shop.kbia.hr\/wp\/#\/schema\/logo\/image\/"},"sameAs":["https:\/\/web.facebook.com\/poklonkutijeKBIA\/?locale=hr_HR&_rdc=1&_rdr#"]}]}},"_links":{"self":[{"href":"https:\/\/shop.kbia.hr\/wp\/wp-json\/wp\/v2\/product\/280","targetHints":{"allow":["GET"]}}],"collection":[{"href":"https:\/\/shop.kbia.hr\/wp\/wp-json\/wp\/v2\/product"}],"about":[{"href":"https:\/\/shop.kbia.hr\/wp\/wp-json\/wp\/v2\/types\/product"}],"replies":[{"embeddable":true,"href":"https:\/\/shop.kbia.hr\/wp\/wp-json\/wp\/v2\/comments?post=280"}],"wp:featuredmedia":[{"embeddable":true,"href":"https:\/\/shop.kbia.hr\/wp\/wp-json\/wp\/v2\/media\/281"}],"wp:attachment":[{"href":"https:\/\/shop.kbia.hr\/wp\/wp-json\/wp\/v2\/media?parent=280"}],"wp:term":[{"taxonomy":"product_brand","embeddable":true,"href":"https:\/\/shop.kbia.hr\/wp\/wp-json\/wp\/v2\/product_brand?post=280"},{"taxonomy":"product_cat","embeddable":true,"href":"https:\/\/shop.kbia.hr\/wp\/wp-json\/wp\/v2\/product_cat?post=280"},{"taxonomy":"product_tag","embeddable":true,"href":"https:\/\/shop.kbia.hr\/wp\/wp-json\/wp\/v2\/product_tag?post=280"}],"curies":[{"name":"wp","href":"https:\/\/api.w.org\/{rel}","templated":true}]}}